{"id":4386800,"date":"2020-02-20T21:40:32","date_gmt":"2020-02-20T20:40:32","guid":{"rendered":"https:\/\/www.intec-personal.de\/kontakt\/"},"modified":"2022-08-10T15:34:44","modified_gmt":"2022-08-10T13:34:44","slug":"kontakt","status":"publish","type":"page","link":"https:\/\/www.intec-personal.de\/pl\/kontakt\/","title":{"rendered":"Kontakt"},"content":{"rendered":"<p>[et_pb_section fb_built=&#8221;1&#8243; custom_padding_last_edited=&#8221;on|desktop&#8221; admin_label=&#8221;section&#8221; module_class=&#8221;marvelKenBurnsSection marvel_header&#8221; _builder_version=&#8221;4.16&#8243; background_color=&#8221;#ffffff&#8221; use_background_color_gradient=&#8221;on&#8221; background_color_gradient_stops=&#8221;rgba(30,55,105,0.49) 0%|#101c36 100%&#8221; background_color_gradient_overlays_image=&#8221;on&#8221; background_color_gradient_start=&#8221;rgba(30,55,105,0.49)&#8221; background_color_gradient_end=&#8221;#101c36&#8243; background_image=&#8221;https:\/\/www.intec-personal.de\/wp-content\/uploads\/2017\/10\/construction-layout-22-1.jpeg&#8221; custom_padding=&#8221;100px||340px|&#8221; custom_padding_tablet=&#8221;&#8221; custom_padding_phone=&#8221;50px||250px|&#8221; global_colors_info=&#8221;{}&#8221;][\/et_pb_section][et_pb_section fb_built=&#8221;1&#8243; _builder_version=&#8221;4.16&#8243; custom_padding=&#8221;|20px|30px|20px||&#8221; global_colors_info=&#8221;{}&#8221;][et_pb_row use_custom_gutter=&#8221;on&#8221; gutter_width=&#8221;1&#8243; make_equal=&#8221;on&#8221; _builder_version=&#8221;4.16&#8243; background_size=&#8221;initial&#8221; background_position=&#8221;top_left&#8221; background_repeat=&#8221;repeat&#8221; width=&#8221;70%&#8221; max_width=&#8221;70%&#8221; custom_margin=&#8221;-380px||0px|&#8221; custom_margin_tablet=&#8221;-300px||0px|&#8221; custom_margin_phone=&#8221;&#8221; custom_margin_last_edited=&#8221;on|desktop&#8221; custom_padding=&#8221;0px||0px|&#8221; use_custom_width=&#8221;on&#8221; width_unit=&#8221;off&#8221; custom_width_percent=&#8221;70%&#8221; global_colors_info=&#8221;{}&#8221;][et_pb_column type=&#8221;4_4&#8243; _builder_version=&#8221;4.16&#8243; background_position=&#8221;top_left&#8221; custom_padding=&#8221;0px||40px|&#8221; global_colors_info=&#8221;{}&#8221; custom_padding__hover=&#8221;|||&#8221;][et_pb_cta title=&#8221;MASZ PYTANIA?&#8221; module_class=&#8221;marvel_cta_text_color&#8221; _builder_version=&#8221;4.17.6&#8243; header_font=&#8221;|700|||||||&#8221; header_font_size=&#8221;22&#8243; header_letter_spacing=&#8221;2px&#8221; header_line_height=&#8221;1.4em&#8221; body_font=&#8221;|700|||||||&#8221; body_font_size=&#8221;40&#8243; body_line_height=&#8221;1.2em&#8221; use_background_color=&#8221;off&#8221; custom_margin=&#8221;||50px|&#8221; animation_style=&#8221;slide&#8221; animation_direction=&#8221;left&#8221; hover_enabled=&#8221;0&#8243; header_font_size_tablet=&#8221;20&#8243; header_font_size_phone=&#8221;18&#8243; header_font_size_last_edited=&#8221;on|phone&#8221; body_font_size_tablet=&#8221;35&#8243; body_font_size_phone=&#8221;30&#8243; body_font_size_last_edited=&#8221;on|desktop&#8221; global_colors_info=&#8221;{}&#8221; button_text_size__hover_enabled=&#8221;off&#8221; button_one_text_size__hover_enabled=&#8221;off&#8221; button_two_text_size__hover_enabled=&#8221;off&#8221; button_text_color__hover_enabled=&#8221;off&#8221; button_one_text_color__hover_enabled=&#8221;off&#8221; button_two_text_color__hover_enabled=&#8221;off&#8221; button_border_width__hover_enabled=&#8221;off&#8221; button_one_border_width__hover_enabled=&#8221;off&#8221; button_two_border_width__hover_enabled=&#8221;off&#8221; button_border_color__hover_enabled=&#8221;off&#8221; button_one_border_color__hover_enabled=&#8221;off&#8221; button_two_border_color__hover_enabled=&#8221;off&#8221; button_border_radius__hover_enabled=&#8221;off&#8221; button_one_border_radius__hover_enabled=&#8221;off&#8221; button_two_border_radius__hover_enabled=&#8221;off&#8221; button_letter_spacing__hover_enabled=&#8221;off&#8221; button_one_letter_spacing__hover_enabled=&#8221;off&#8221; button_two_letter_spacing__hover_enabled=&#8221;off&#8221; button_bg_color__hover_enabled=&#8221;off&#8221; button_one_bg_color__hover_enabled=&#8221;off&#8221; button_two_bg_color__hover_enabled=&#8221;off&#8221; sticky_enabled=&#8221;0&#8243;]KONTAKT[\/et_pb_cta][et_pb_text admin_label=&#8221;Textmodul &#8211; Kontaktformular&#8221; _builder_version=&#8221;4.17.6&#8243; text_font_size=&#8221;12px&#8221; background_color=&#8221;#ffffff&#8221; custom_padding=&#8221;|40px||40px|false|false&#8221; hover_enabled=&#8221;0&#8243; global_colors_info=&#8221;{}&#8221; sticky_enabled=&#8221;0&#8243;]\n<div class=\"wpcf7 no-js\" id=\"wpcf7-f4386804-o1\" lang=\"de-DE\" dir=\"ltr\" data-wpcf7-id=\"4386804\">\n<div class=\"screen-reader-response\"><p role=\"status\" aria-live=\"polite\" aria-atomic=\"true\"><\/p> <ul><\/ul><\/div>\n<form action=\"\/pl\/wp-json\/wp\/v2\/pages\/4386800#wpcf7-f4386804-o1\" method=\"post\" class=\"wpcf7-form init\" aria-label=\"Kontaktformular\" enctype=\"multipart\/form-data\" novalidate=\"novalidate\" data-status=\"init\">\n<fieldset class=\"hidden-fields-container\"><input type=\"hidden\" name=\"_wpcf7\" value=\"4386804\" \/><input type=\"hidden\" name=\"_wpcf7_version\" value=\"6.1.5\" \/><input type=\"hidden\" name=\"_wpcf7_locale\" value=\"de_DE\" \/><input type=\"hidden\" name=\"_wpcf7_unit_tag\" value=\"wpcf7-f4386804-o1\" \/><input type=\"hidden\" name=\"_wpcf7_container_post\" value=\"0\" \/><input type=\"hidden\" name=\"_wpcf7_posted_data_hash\" value=\"\" \/>\n<\/fieldset>\n<div class=\"intec_kontakt\">\n\t<p class=\"intec_cf7 intec_cf7_name\"><span class=\"wpcf7-form-control-wrap\" data-name=\"text-name\"><input size=\"40\" maxlength=\"400\" class=\"wpcf7-form-control wpcf7-text wpcf7-validates-as-required\" aria-required=\"true\" aria-invalid=\"false\" placeholder=\"Nazwisko*\" value=\"\" type=\"text\" name=\"text-name\" \/><\/span>\n\t<\/p>\n\t<p class=\"intec_cf7 intec_cf7_email\"><span class=\"wpcf7-form-control-wrap\" data-name=\"email-904\"><input size=\"40\" maxlength=\"400\" class=\"wpcf7-form-control wpcf7-email wpcf7-validates-as-required wpcf7-text wpcf7-validates-as-email\" aria-required=\"true\" aria-invalid=\"false\" placeholder=\"E-mail*\" value=\"\" type=\"email\" name=\"email-904\" \/><\/span>\n\t<\/p>\n\t<p class=\"intec_cf7 intec_cf7_select\"><span class=\"wpcf7-form-control-wrap\" data-name=\"menu-select\"><select class=\"wpcf7-form-control wpcf7-select\" aria-invalid=\"false\" name=\"menu-select\"><option value=\"Wybierasz temat\">Wybierasz temat<\/option><option value=\"Chc\u0119 kandydowa\u0107\">Chc\u0119 kandydowa\u0107<\/option><option value=\"Szukam pracownik\u00f3w\">Szukam pracownik\u00f3w<\/option><option value=\"Informacje o naszych us\u0142ugach\">Informacje o naszych us\u0142ugach<\/option><option value=\"Inne\">Inne<\/option><\/select><\/span>\n\t<\/p>\n\t<p class=\"intec_cf7 intec_cf7_firma\"><span class=\"wpcf7-form-control-wrap\" data-name=\"text-plz\"><input size=\"40\" maxlength=\"400\" class=\"wpcf7-form-control wpcf7-text\" aria-invalid=\"false\" placeholder=\"Firma\" value=\"\" type=\"text\" name=\"text-plz\" \/><\/span>\n\t<\/p>\n\t<p class=\"intec_cf7_nachricht\"><span class=\"wpcf7-form-control-wrap\" data-name=\"textarea-797\"><textarea cols=\"40\" rows=\"10\" maxlength=\"2000\" class=\"wpcf7-form-control wpcf7-textarea\" aria-invalid=\"false\" placeholder=\"Ihre Nachricht\" name=\"textarea-797\"><\/textarea><\/span>\n\t<\/p>\n\t<p class=\"intec_cf7\" style=\"font-size: 16px !important;\">Tutaj mo\u017cecie Pa\u0144stwo przes\u0142a\u0107 swoje dokumenty (pdf, doc, docx):\n\t<\/p>\n\t<p><span class=\"wpcf7-form-control-wrap\" data-name=\"your-file1\"><input size=\"40\" class=\"wpcf7-form-control wpcf7-file\" accept=\".pdf,.doc,.docx\" aria-invalid=\"false\" type=\"file\" name=\"your-file1\" \/><\/span><br \/>\n<span class=\"wpcf7-form-control-wrap\" data-name=\"your-file2\"><input size=\"40\" class=\"wpcf7-form-control wpcf7-file\" accept=\".pdf,.doc,.docx\" aria-invalid=\"false\" type=\"file\" name=\"your-file2\" \/><\/span><br \/>\n<span class=\"wpcf7-form-control-wrap\" data-name=\"your-file3\"><input size=\"40\" class=\"wpcf7-form-control wpcf7-file\" accept=\".pdf,.doc,.docx\" aria-invalid=\"false\" type=\"file\" name=\"your-file3\" \/><\/span>\n\t<\/p>\n\t<div style=\"clear: both; min-height: 15px;\">\n\t<\/div>\n\t<p><a href=\"https:\/\/www.intec-personal.de\/datenschutz\/\" target=\"_blank\" rel=\"noopener\" class=\"\">Kliknij tutaj, aby zapozna\u0107 si\u0119 z polityk\u0105 prywatno\u015bci tej strony internetowej<\/a>\n\t<\/p>\n\t<p class=\"intec_cf7_submit\"><input class=\"wpcf7-form-control wpcf7-submit has-spinner\" type=\"submit\" value=\"WY\u015aLIJ\" \/>\n\t<\/p>\n\t<p class=\"intec_cf7_quiz\"><span class=\"wpcf7-form-control-wrap\" data-name=\"quiz-818\"><label><span class=\"wpcf7-quiz-label\">10+12 =<\/span> <input size=\"40\" class=\"wpcf7-form-control wpcf7-quiz\" autocomplete=\"off\" aria-required=\"true\" aria-invalid=\"false\" type=\"text\" name=\"quiz-818\" \/><\/label><input type=\"hidden\" name=\"_wpcf7_quiz_answer_quiz-818\" value=\"e9ed4533e9472bccb9761b9f33a5fc8a\" \/><\/span>\n\t<\/p>\n\t<div style=\"clear: both;\">\n\t<\/div>\n<\/div><div class=\"wpcf7-response-output\" aria-hidden=\"true\"><\/div>\n<\/form>\n<\/div>\n[\/et_pb_text][et_pb_text _builder_version=&#8221;4.17.6&#8243; text_font_size=&#8221;12px&#8221; custom_padding=&#8221;|40px||40px|false|false&#8221; hover_enabled=&#8221;0&#8243; global_colors_info=&#8221;{}&#8221; sticky_enabled=&#8221;0&#8243;]<\/p>\n<p>Pami\u0119taj, \u017ce wykorzystujemy Twoje informacje podane w formularzu kontaktowym, aby odpowiedzie\u0107 na Twoje zapytanie lub podj\u0105\u0107 kontakt. Nie b\u0119d\u0105 przekazywane stronom trzecim, chyba \u017ce jest to uzasadnione na podstawie obowi\u0105zuj\u0105cych przepis\u00f3w o ochronie danych lub w przypadku, gdy jeste\u015bmy do tego prawnie zobowi\u0105zani.<br \/> Twoje dane zostan\u0105 usuni\u0119te, gdy przetworzymy Twoje zapytanie i \u017cadna inna podstawa prawna nie b\u0119dzie uzasadnia\u0142a dalszego ich przechowywania. W ka\u017cdej chwili mo\u017cesz zasi\u0119gn\u0105\u0107 informacji na temat Twoich danych osobowych.<\/p>\n<p>[\/et_pb_text][\/et_pb_column][\/et_pb_row][\/et_pb_section][et_pb_section fb_built=&#8221;1&#8243; _builder_version=&#8221;4.16&#8243; custom_padding=&#8221;11px||97px|||&#8221; global_colors_info=&#8221;{}&#8221;][et_pb_row column_structure=&#8221;1_2,1_2&#8243; _builder_version=&#8221;4.16&#8243; width=&#8221;64%&#8221; global_colors_info=&#8221;{}&#8221;][et_pb_column type=&#8221;1_2&#8243; _builder_version=&#8221;4.16&#8243; global_colors_info=&#8221;{}&#8221;][et_pb_text _builder_version=&#8221;4.17.6&#8243; header_3_font=&#8221;|600|||||||&#8221; header_3_text_color=&#8221;#1e3769&#8243; hover_enabled=&#8221;0&#8243; global_colors_info=&#8221;{}&#8221; sticky_enabled=&#8221;0&#8243;]<\/p>\n<h3>G\u0142\u00f3wna siedziba firmy INTEC Personal GmbH &amp; Co. KG<\/h3>\n<p>[\/et_pb_text][et_pb_blurb title=&#8221;+49(0)361 430 390 40&#8243; url=&#8221;tel:0361-43039040&#8243; use_icon=&#8221;on&#8221; font_icon=&#8221;&#xe090;||divi||400&#8243; icon_color=&#8221;#ffffff&#8221; image_icon_background_color=&#8221;#bf1f13&#8243; icon_placement=&#8221;left&#8221; image_icon_width=&#8221;30px&#8221; module_class=&#8221;marvel_blurb_1&#8243; _builder_version=&#8221;4.17.6&#8243; header_font=&#8221;|700|||||||&#8221; header_text_color=&#8221;#202e45&#8243; body_font=&#8221;||||||||&#8221; image_icon_custom_padding=&#8221;8px|8px|8px|8px|false|false&#8221; max_width_tablet=&#8221;50px&#8221; animation_direction=&#8221;left&#8221; animation=&#8221;off&#8221; link_option_url=&#8221;tel:0361-43039040&#8243; hover_enabled=&#8221;0&#8243; border_radii_image=&#8221;on|100%|100%|100%|100%&#8221; border_style=&#8221;solid&#8221; icon_font_size=&#8221;30px&#8221; use_circle=&#8221;on&#8221; global_colors_info=&#8221;{}&#8221; image_icon_background_color__sticky_enabled=&#8221;#bf1f13&#8243; image_icon_background_color__sticky=&#8221;#bf1f13&#8243; sticky_enabled=&#8221;0&#8243;]Kliknij, aby zadzwoni\u0107[\/et_pb_blurb][et_pb_blurb title=&#8221;Schlachthofstra\u00dfe 81, 99085 Erfurt&#8221; url=&#8221;https:\/\/goo.gl\/maps\/Pgq7yukD5RcyLmbb6&#8243; url_new_window=&#8221;on&#8221; use_icon=&#8221;on&#8221; font_icon=&#8221;&#xe01d;||divi||400&#8243; icon_color=&#8221;#ffffff&#8221; image_icon_background_color=&#8221;#bf1f13&#8243; icon_placement=&#8221;left&#8221; image_icon_width=&#8221;30px&#8221; module_class=&#8221;marvel_blurb_1&#8243; _builder_version=&#8221;4.17.6&#8243; header_font=&#8221;|700|||||||&#8221; header_text_color=&#8221;#202e45&#8243; body_font=&#8221;||||||||&#8221; image_icon_custom_padding=&#8221;8px|8px|8px|8px|false|false&#8221; max_width_tablet=&#8221;50px&#8221; animation_direction=&#8221;left&#8221; animation=&#8221;off&#8221; link_option_url=&#8221;https:\/\/goo.gl\/maps\/Pgq7yukD5RcyLmbb6&#8243; link_option_url_new_window=&#8221;on&#8221; hover_enabled=&#8221;0&#8243; border_radii_image=&#8221;on|100%|100%|100%|100%&#8221; border_style=&#8221;solid&#8221; icon_font_size=&#8221;30px&#8221; use_circle=&#8221;on&#8221; global_colors_info=&#8221;{}&#8221; image_icon_background_color__sticky_enabled=&#8221;#bf1f13&#8243; image_icon_background_color__sticky=&#8221;#bf1f13&#8243; sticky_enabled=&#8221;0&#8243;]Kliknij, aby przekierowa\u0107 do Google Maps[\/et_pb_blurb][et_pb_blurb title=&#8221;info@intec-personal&#8221; url=&#8221;mailto:info@intec-personal.com&#8221; use_icon=&#8221;on&#8221; font_icon=&#8221;&#xe010;||divi||400&#8243; icon_color=&#8221;#ffffff&#8221; image_icon_background_color=&#8221;#bf1f13&#8243; icon_placement=&#8221;left&#8221; image_icon_width=&#8221;30px&#8221; module_class=&#8221;marvel_blurb_1&#8243; _builder_version=&#8221;4.17.6&#8243; header_font=&#8221;|700|||||||&#8221; header_text_color=&#8221;#202e45&#8243; body_font=&#8221;||||||||&#8221; image_icon_custom_padding=&#8221;8px|8px|8px|8px|false|false&#8221; max_width_tablet=&#8221;50px&#8221; animation_direction=&#8221;left&#8221; animation=&#8221;off&#8221; link_option_url=&#8221;mailto:info@intec-personal.com&#8221; hover_enabled=&#8221;0&#8243; border_radii_image=&#8221;on|100%|100%|100%|100%&#8221; border_style=&#8221;solid&#8221; icon_font_size=&#8221;30px&#8221; use_circle=&#8221;on&#8221; global_colors_info=&#8221;{}&#8221; image_icon_background_color__sticky_enabled=&#8221;#bf1f13&#8243; image_icon_background_color__sticky=&#8221;#bf1f13&#8243; sticky_enabled=&#8221;0&#8243;]Kliknij, aby otrzyma\u0107 e-mail[\/et_pb_blurb][\/et_pb_column][et_pb_column type=&#8221;1_2&#8243; _builder_version=&#8221;4.16&#8243; global_colors_info=&#8221;{}&#8221;][et_pb_text _builder_version=&#8221;4.16&#8243; header_3_font=&#8221;|600|||||||&#8221; header_3_text_color=&#8221;#1e3769&#8243; global_colors_info=&#8221;{}&#8221;]<\/p>\n<h3>Filia w N\u00fcrnberg<\/h3>\n<p>[\/et_pb_text][et_pb_blurb title=&#8221;+49(0)911 373 227 91&#8243; url=&#8221;tel:+49(0)911%20373%20227%2091&#8243; use_icon=&#8221;on&#8221; font_icon=&#8221;&#xe090;||divi||400&#8243; icon_color=&#8221;#ffffff&#8221; image_icon_background_color=&#8221;#bf1f13&#8243; icon_placement=&#8221;left&#8221; image_icon_width=&#8221;30px&#8221; module_class=&#8221;marvel_blurb_1&#8243; _builder_version=&#8221;4.17.6&#8243; header_font=&#8221;|700|||||||&#8221; header_text_color=&#8221;#202e45&#8243; body_font=&#8221;||||||||&#8221; image_icon_custom_padding=&#8221;8px|8px|8px|8px|false|false&#8221; max_width_tablet=&#8221;50px&#8221; animation_direction=&#8221;left&#8221; animation=&#8221;off&#8221; link_option_url=&#8221;tel:+49(0)911 373 227 91&#8243; hover_enabled=&#8221;0&#8243; border_radii_image=&#8221;on|100%|100%|100%|100%&#8221; border_style=&#8221;solid&#8221; icon_font_size=&#8221;30px&#8221; use_circle=&#8221;on&#8221; global_colors_info=&#8221;{}&#8221; image_icon_background_color__sticky_enabled=&#8221;#bf1f13&#8243; image_icon_background_color__sticky=&#8221;#bf1f13&#8243; sticky_enabled=&#8221;0&#8243;]Kliknij, aby zadzwoni\u0107[\/et_pb_blurb][et_pb_blurb title=&#8221;Lenkersheimer Stra\u00dfe 14, 90431 N\u00fcrnberg&#8221; url=&#8221;https:\/\/goo.gl\/maps\/kpAmFXLjsS7HRea78&#8243; url_new_window=&#8221;on&#8221; use_icon=&#8221;on&#8221; font_icon=&#8221;&#xe01d;||divi||400&#8243; icon_color=&#8221;#ffffff&#8221; image_icon_background_color=&#8221;#bf1f13&#8243; icon_placement=&#8221;left&#8221; image_icon_width=&#8221;30px&#8221; module_class=&#8221;marvel_blurb_1&#8243; _builder_version=&#8221;4.17.6&#8243; header_font=&#8221;|700|||||||&#8221; header_text_color=&#8221;#202e45&#8243; body_font=&#8221;||||||||&#8221; image_icon_custom_padding=&#8221;8px|8px|8px|8px|false|false&#8221; max_width_tablet=&#8221;50px&#8221; animation_direction=&#8221;left&#8221; animation=&#8221;off&#8221; link_option_url=&#8221;https:\/\/goo.gl\/maps\/kpAmFXLjsS7HRea78&#8243; link_option_url_new_window=&#8221;on&#8221; hover_enabled=&#8221;0&#8243; border_radii_image=&#8221;on|100%|100%|100%|100%&#8221; border_style=&#8221;solid&#8221; icon_font_size=&#8221;30px&#8221; use_circle=&#8221;on&#8221; global_colors_info=&#8221;{}&#8221; image_icon_background_color__sticky_enabled=&#8221;#bf1f13&#8243; image_icon_background_color__sticky=&#8221;#bf1f13&#8243; sticky_enabled=&#8221;0&#8243;]Kliknij, aby przekierowa\u0107 do Google Maps[\/et_pb_blurb][et_pb_blurb title=&#8221;info@intec-personal&#8221; url=&#8221;mailto:info@intec-personal.com&#8221; use_icon=&#8221;on&#8221; font_icon=&#8221;&#xe010;||divi||400&#8243; icon_color=&#8221;#ffffff&#8221; image_icon_background_color=&#8221;#bf1f13&#8243; icon_placement=&#8221;left&#8221; image_icon_width=&#8221;30px&#8221; module_class=&#8221;marvel_blurb_1&#8243; _builder_version=&#8221;4.17.6&#8243; header_font=&#8221;|700|||||||&#8221; header_text_color=&#8221;#202e45&#8243; body_font=&#8221;||||||||&#8221; image_icon_custom_padding=&#8221;8px|8px|8px|8px|false|false&#8221; max_width_tablet=&#8221;50px&#8221; animation_direction=&#8221;left&#8221; animation=&#8221;off&#8221; link_option_url=&#8221;mailto:info@intec-personal.com&#8221; hover_enabled=&#8221;0&#8243; border_radii_image=&#8221;on|100%|100%|100%|100%&#8221; border_style=&#8221;solid&#8221; icon_font_size=&#8221;30px&#8221; use_circle=&#8221;on&#8221; global_colors_info=&#8221;{}&#8221; image_icon_background_color__sticky_enabled=&#8221;#bf1f13&#8243; image_icon_background_color__sticky=&#8221;#bf1f13&#8243; sticky_enabled=&#8221;0&#8243;]Kliknij, aby otrzyma\u0107 e-mail[\/et_pb_blurb][\/et_pb_column][\/et_pb_row][\/et_pb_section][et_pb_section fb_built=&#8221;1&#8243; _builder_version=&#8221;4.16&#8243; background_color=&#8221;#101c36&#8243; custom_padding=&#8221;||30px|||&#8221; global_colors_info=&#8221;{}&#8221;][et_pb_row _builder_version=&#8221;4.16&#8243; global_colors_info=&#8221;{}&#8221;][et_pb_column type=&#8221;4_4&#8243; _builder_version=&#8221;4.16&#8243; custom_padding=&#8221;|||&#8221; global_colors_info=&#8221;{}&#8221; custom_padding__hover=&#8221;|||&#8221;][et_pb_testimonial quote_icon_color=&#8221;#dbdbdb&#8221; quote_icon_background_color=&#8221;#1e3769&#8243; portrait_width=&#8221;1px&#8221; portrait_height=&#8221;1px&#8221; use_icon_font_size=&#8221;on&#8221; icon_font_size=&#8221;53px&#8221; module_class=&#8221;dct_testi_v4&#8243; _builder_version=&#8221;4.17.6&#8243; body_font=&#8221;|700|||||||&#8221; body_text_align=&#8221;center&#8221; body_text_color=&#8221;#c2c3c6&#8243; body_font_size=&#8221;32px&#8221; background_color=&#8221;rgba(0,0,0,0)&#8221; custom_padding=&#8221;3%||||false|false&#8221; hover_enabled=&#8221;0&#8243; global_colors_info=&#8221;{}&#8221; sticky_enabled=&#8221;0&#8243;]<\/p>\n<p>Nasz zmotywowany zesp\u00f3\u0142 dysponent\u00f3w i rekruter\u00f3w uwa\u017ca si\u0119 za muszkieter\u00f3w: jeden za wszystkich, wszyscy za jednego.<\/p>\n<p>[\/et_pb_testimonial][\/et_pb_column][\/et_pb_row][\/et_pb_section][et_pb_section fb_built=&#8221;1&#8243; _builder_version=&#8221;4.16&#8243; global_colors_info=&#8221;{}&#8221;][\/et_pb_section][et_pb_section fb_built=&#8221;1&#8243; module_class=&#8221;dct_cta_sec_2_v1&#8243; _builder_version=&#8221;4.16&#8243; background_color=&#8221;#101c36&#8243; min_height=&#8221;84px&#8221; custom_margin=&#8221;-20px||||false|false&#8221; custom_padding=&#8221;10px||10px&#8221; top_divider_style=&#8221;slant2&#8243; top_divider_color=&#8221;#bf1f13&#8243; top_divider_height=&#8221;49px&#8221; top_divider_flip=&#8221;vertical|horizontal&#8221; top_divider_arrangement=&#8221;above_content&#8221; global_colors_info=&#8221;{}&#8221;][\/et_pb_section]<\/p>\n","protected":false},"excerpt":{"rendered":"<p>KONTAKT\n<div class=\"wpcf7 no-js\" id=\"wpcf7-f4386804-o2\" lang=\"de-DE\" dir=\"ltr\" data-wpcf7-id=\"4386804\">\n<div class=\"screen-reader-response\"><p role=\"status\" aria-live=\"polite\" aria-atomic=\"true\"><\/p> <ul><\/ul><\/div>\n<form action=\"\/pl\/wp-json\/wp\/v2\/pages\/4386800#wpcf7-f4386804-o2\" method=\"post\" class=\"wpcf7-form init\" aria-label=\"Kontaktformular\" enctype=\"multipart\/form-data\" novalidate=\"novalidate\" data-status=\"init\">\n<fieldset class=\"hidden-fields-container\"><input type=\"hidden\" name=\"_wpcf7\" value=\"4386804\" \/><input type=\"hidden\" name=\"_wpcf7_version\" value=\"6.1.5\" \/><input type=\"hidden\" name=\"_wpcf7_locale\" value=\"de_DE\" \/><input type=\"hidden\" name=\"_wpcf7_unit_tag\" value=\"wpcf7-f4386804-o2\" \/><input type=\"hidden\" name=\"_wpcf7_container_post\" value=\"0\" \/><input type=\"hidden\" name=\"_wpcf7_posted_data_hash\" value=\"\" \/>\n<\/fieldset>\n<div class=\"intec_kontakt\">\n\t<p class=\"intec_cf7 intec_cf7_name\"><span class=\"wpcf7-form-control-wrap\" data-name=\"text-name\"><input size=\"40\" maxlength=\"400\" class=\"wpcf7-form-control wpcf7-text wpcf7-validates-as-required\" aria-required=\"true\" aria-invalid=\"false\" placeholder=\"Nazwisko*\" value=\"\" type=\"text\" name=\"text-name\" \/><\/span>\n\t<\/p>\n\t<p class=\"intec_cf7 intec_cf7_email\"><span class=\"wpcf7-form-control-wrap\" data-name=\"email-904\"><input size=\"40\" maxlength=\"400\" class=\"wpcf7-form-control wpcf7-email wpcf7-validates-as-required wpcf7-text wpcf7-validates-as-email\" aria-required=\"true\" aria-invalid=\"false\" placeholder=\"E-mail*\" value=\"\" type=\"email\" name=\"email-904\" \/><\/span>\n\t<\/p>\n\t<p class=\"intec_cf7 intec_cf7_select\"><span class=\"wpcf7-form-control-wrap\" data-name=\"menu-select\"><select class=\"wpcf7-form-control wpcf7-select\" aria-invalid=\"false\" name=\"menu-select\"><option value=\"Wybierasz temat\">Wybierasz temat<\/option><option value=\"Chc\u0119 kandydowa\u0107\">Chc\u0119 kandydowa\u0107<\/option><option value=\"Szukam pracownik\u00f3w\">Szukam pracownik\u00f3w<\/option><option value=\"Informacje o naszych us\u0142ugach\">Informacje o naszych us\u0142ugach<\/option><option value=\"Inne\">Inne<\/option><\/select><\/span>\n\t<\/p>\n\t<p class=\"intec_cf7 intec_cf7_firma\"><span class=\"wpcf7-form-control-wrap\" data-name=\"text-plz\"><input size=\"40\" maxlength=\"400\" class=\"wpcf7-form-control wpcf7-text\" aria-invalid=\"false\" placeholder=\"Firma\" value=\"\" type=\"text\" name=\"text-plz\" \/><\/span>\n\t<\/p>\n\t<p class=\"intec_cf7_nachricht\"><span class=\"wpcf7-form-control-wrap\" data-name=\"textarea-797\"><textarea cols=\"40\" rows=\"10\" maxlength=\"2000\" class=\"wpcf7-form-control wpcf7-textarea\" aria-invalid=\"false\" placeholder=\"Ihre Nachricht\" name=\"textarea-797\"><\/textarea><\/span>\n\t<\/p>\n\t<p class=\"intec_cf7\" style=\"font-size: 16px !important;\">Tutaj mo\u017cecie Pa\u0144stwo przes\u0142a\u0107 swoje dokumenty (pdf, doc, docx):\n\t<\/p>\n\t<p><span class=\"wpcf7-form-control-wrap\" data-name=\"your-file1\"><input size=\"40\" class=\"wpcf7-form-control wpcf7-file\" accept=\".pdf,.doc,.docx\" aria-invalid=\"false\" type=\"file\" name=\"your-file1\" \/><\/span><br \/>\n<span class=\"wpcf7-form-control-wrap\" data-name=\"your-file2\"><input size=\"40\" class=\"wpcf7-form-control wpcf7-file\" accept=\".pdf,.doc,.docx\" aria-invalid=\"false\" type=\"file\" name=\"your-file2\" \/><\/span><br \/>\n<span class=\"wpcf7-form-control-wrap\" data-name=\"your-file3\"><input size=\"40\" class=\"wpcf7-form-control wpcf7-file\" accept=\".pdf,.doc,.docx\" aria-invalid=\"false\" type=\"file\" name=\"your-file3\" \/><\/span>\n\t<\/p>\n\t<div style=\"clear: both; min-height: 15px;\">\n\t<\/div>\n\t<p><a href=\"https:\/\/www.intec-personal.de\/datenschutz\/\" target=\"_blank\" rel=\"noopener\" class=\"\">Kliknij tutaj, aby zapozna\u0107 si\u0119 z polityk\u0105 prywatno\u015bci tej strony internetowej<\/a>\n\t<\/p>\n\t<p class=\"intec_cf7_submit\"><input class=\"wpcf7-form-control wpcf7-submit has-spinner\" type=\"submit\" value=\"WY\u015aLIJ\" \/>\n\t<\/p>\n\t<p class=\"intec_cf7_quiz\"><span class=\"wpcf7-form-control-wrap\" data-name=\"quiz-818\"><label><span class=\"wpcf7-quiz-label\">5-4=<\/span> <input size=\"40\" class=\"wpcf7-form-control wpcf7-quiz\" autocomplete=\"off\" aria-required=\"true\" aria-invalid=\"false\" type=\"text\" name=\"quiz-818\" \/><\/label><input type=\"hidden\" name=\"_wpcf7_quiz_answer_quiz-818\" value=\"6ed106edd0d78d62819d8d4ee0697c8b\" \/><\/span>\n\t<\/p>\n\t<div style=\"clear: both;\">\n\t<\/div>\n<\/div><div class=\"wpcf7-response-output\" aria-hidden=\"true\"><\/div>\n<\/form>\n<\/div>\nPami\u0119taj, \u017ce wykorzystujemy Twoje informacje podane w formularzu kontaktowym, aby odpowiedzie\u0107 na Twoje zapytanie lub podj\u0105\u0107 kontakt. Nie b\u0119d\u0105 przekazywane stronom trzecim, chyba \u017ce jest to uzasadnione na podstawie obowi\u0105zuj\u0105cych przepis\u00f3w o ochronie danych lub w przypadku, gdy jeste\u015bmy do tego prawnie zobowi\u0105zani. Twoje dane zostan\u0105 usuni\u0119te, gdy przetworzymy Twoje zapytanie [&hellip;]<\/p>\n","protected":false},"author":1,"featured_media":4384126,"parent":0,"menu_order":0,"comment_status":"closed","ping_status":"closed","template":"","meta":{"_et_pb_use_builder":"on","_et_pb_old_content":"","_et_gb_content_width":"","inline_featured_image":false,"footnotes":""},"class_list":["post-4386800","page","type-page","status-publish","has-post-thumbnail","hentry"],"_links":{"self":[{"href":"https:\/\/www.intec-personal.de\/pl\/wp-json\/wp\/v2\/pages\/4386800","targetHints":{"allow":["GET"]}}],"collection":[{"href":"https:\/\/www.intec-personal.de\/pl\/wp-json\/wp\/v2\/pages"}],"about":[{"href":"https:\/\/www.intec-personal.de\/pl\/wp-json\/wp\/v2\/types\/page"}],"author":[{"embeddable":true,"href":"https:\/\/www.intec-personal.de\/pl\/wp-json\/wp\/v2\/users\/1"}],"replies":[{"embeddable":true,"href":"https:\/\/www.intec-personal.de\/pl\/wp-json\/wp\/v2\/comments?post=4386800"}],"version-history":[{"count":9,"href":"https:\/\/www.intec-personal.de\/pl\/wp-json\/wp\/v2\/pages\/4386800\/revisions"}],"predecessor-version":[{"id":4389970,"href":"https:\/\/www.intec-personal.de\/pl\/wp-json\/wp\/v2\/pages\/4386800\/revisions\/4389970"}],"wp:featuredmedia":[{"embeddable":true,"href":"https:\/\/www.intec-personal.de\/pl\/wp-json\/wp\/v2\/media\/4384126"}],"wp:attachment":[{"href":"https:\/\/www.intec-personal.de\/pl\/wp-json\/wp\/v2\/media?parent=4386800"}],"curies":[{"name":"wp","href":"https:\/\/api.w.org\/{rel}","templated":true}]}}