{"id":4387398,"date":"2020-06-10T01:19:56","date_gmt":"2020-06-09T23:19:56","guid":{"rendered":"https:\/\/www.intec-personal.de\/download-center\/"},"modified":"2020-06-10T01:19:57","modified_gmt":"2020-06-09T23:19:57","slug":"download-center","status":"publish","type":"page","link":"https:\/\/www.intec-personal.de\/cs\/download-center\/","title":{"rendered":"Download-Center"},"content":{"rendered":"<p>[et_pb_section fb_built=&#8220;1&#8243; admin_label=&#8220;section&#8220; _builder_version=&#8220;3.29.3&#8243; background_color=&#8220;#101c36&#8243; custom_padding=&#8220;0px|0px|0px|0px&#8220;][et_pb_row use_custom_gutter=&#8220;on&#8220; gutter_width=&#8220;1&#8243; make_equal=&#8220;on&#8220; admin_label=&#8220;row&#8220; _builder_version=&#8220;3.29.3&#8243; width=&#8220;70%&#8220; width_tablet=&#8220;100%&#8220; width_phone=&#8220;&#8220; width_last_edited=&#8220;on|desktop&#8220; max_width=&#8220;100%&#8220; max_width_tablet=&#8220;100%&#8220; max_width_phone=&#8220;&#8220; max_width_last_edited=&#8220;on|desktop&#8220; custom_margin=&#8220;||||false|false&#8220; custom_padding=&#8220;||0px||false|false&#8220; make_fullwidth=&#8220;on&#8220;][et_pb_column type=&#8220;4_4&#8243; _builder_version=&#8220;3.29.3&#8243; background_color=&#8220;#101c36&#8243; background_position=&#8220;top_left&#8220; custom_padding=&#8220;140px|100px|140px|100px&#8220; custom_padding_tablet=&#8220;50px|50px|50px|50px&#8220; custom_padding_phone=&#8220;60px|30px|60px|30px&#8220; custom_padding_last_edited=&#8220;on|phone&#8220; custom_padding__hover=&#8220;|||&#8220;][et_pb_text _builder_version=&#8220;3.29.3&#8243; header_text_color=&#8220;#101c36&#8243; header_2_font=&#8220;|700|||||||&#8220; header_2_text_color=&#8220;#d9dadd&#8220; header_2_font_size=&#8220;38px&#8220; header_2_line_height=&#8220;1.3em&#8220; custom_margin=&#8220;||38px|||&#8220;]<\/p>\n<h2>Centrum stahov\u00e1n\u00ed soubor\u016f<\/h2>\n<p>[\/et_pb_text][\/et_pb_column][\/et_pb_row][\/et_pb_section][et_pb_section fb_built=&#8220;1&#8243; custom_padding_last_edited=&#8220;on|desktop&#8220; _builder_version=&#8220;3.22&#8243; background_color=&#8220;#f4f4f4&#8243; custom_padding=&#8220;100px||100px|&#8220; custom_padding_tablet=&#8220;50px|0|50px|0&#8243; custom_padding_phone=&#8220;&#8220;][et_pb_row column_structure=&#8220;1_2,1_2&#8243; use_custom_gutter=&#8220;on&#8220; gutter_width=&#8220;2&#8243; _builder_version=&#8220;3.29.3&#8243; width=&#8220;70%&#8220; custom_margin=&#8220;40px|||&#8220; custom_margin_tablet=&#8220;20px|||&#8220; custom_margin_phone=&#8220;0px||0px|&#8220; custom_margin_last_edited=&#8220;on|phone&#8220; custom_padding=&#8220;0px|80px|0px|80px|false|false&#8220;][et_pb_column type=&#8220;1_2&#8243; _builder_version=&#8220;3.25&#8243; background_position=&#8220;top_left&#8220; custom_padding=&#8220;|||&#8220; custom_padding__hover=&#8220;|||&#8220;][et_pb_blurb title=&#8220;IGZ Urkunde&#8220; url=&#8220;\/wp-content\/uploads\/2019\/11\/IGZ-Urkunde.pdf&#8220; use_icon=&#8220;on&#8220; font_icon=&#8220;%%266%%&#8220; icon_color=&#8220;#c2c3c6&#8243; use_circle=&#8220;on&#8220; icon_placement=&#8220;left&#8220; use_icon_font_size=&#8220;on&#8220; icon_font_size=&#8220;30px&#8220; module_class=&#8220;marvel_blurb_1&#8243; _builder_version=&#8220;4.0.4&#8243; header_font=&#8220;Montserrat|on|||&#8220; header_text_color=&#8220;#202e45&#8243; header_letter_spacing=&#8220;1px&#8220; body_font=&#8220;Montserrat||||&#8220; background_color=&#8220;#fff&#8220; max_width_tablet=&#8220;50px&#8220; animation_direction=&#8220;left&#8220; animation=&#8220;off&#8220; link_option_url=&#8220;\/wp-content\/uploads\/2019\/11\/IGZ-Urkunde.pdf&#8220; link_option_url_new_window=&#8220;on&#8220;]Interessenverband[\/et_pb_blurb][\/et_pb_column][et_pb_column type=&#8220;1_2&#8243; _builder_version=&#8220;3.25&#8243; background_position=&#8220;top_left&#8220; custom_padding=&#8220;|||&#8220; custom_padding__hover=&#8220;|||&#8220;][et_pb_blurb title=&#8220;VGB Unbedenklichkeitserkl\u00e4rung&#8220; url=&#8220;\/wp-content\/uploads\/2019\/11\/UNB-bis-31.05.2020.pdf&#8220; use_icon=&#8220;on&#8220; font_icon=&#8220;%%266%%&#8220; icon_color=&#8220;#c2c3c6&#8243; use_circle=&#8220;on&#8220; icon_placement=&#8220;left&#8220; use_icon_font_size=&#8220;on&#8220; icon_font_size=&#8220;30px&#8220; module_class=&#8220;marvel_blurb_1&#8243; _builder_version=&#8220;4.0.4&#8243; header_font=&#8220;Montserrat|on|||&#8220; header_text_color=&#8220;#202e45&#8243; header_letter_spacing=&#8220;1px&#8220; body_font=&#8220;Montserrat||||&#8220; background_color=&#8220;#fff&#8220; max_width_tablet=&#8220;50px&#8220; animation_direction=&#8220;left&#8220; animation=&#8220;off&#8220; link_option_url=&#8220;\/wp-content\/uploads\/2019\/11\/UNB-bis-31.05.2020.pdf&#8220; link_option_url_new_window=&#8220;on&#8220;]gesetzliche Unfallversicherung[\/et_pb_blurb][\/et_pb_column][\/et_pb_row][et_pb_row column_structure=&#8220;1_2,1_2&#8243; use_custom_gutter=&#8220;on&#8220; gutter_width=&#8220;2&#8243; _builder_version=&#8220;3.29.3&#8243; width=&#8220;70%&#8220; custom_margin=&#8220;40px|||&#8220; custom_margin_tablet=&#8220;20px|||&#8220; custom_margin_phone=&#8220;0px||0px|&#8220; custom_margin_last_edited=&#8220;on|phone&#8220; custom_padding=&#8220;0px|80px|0px|80px|false|false&#8220;][et_pb_column type=&#8220;1_2&#8243; _builder_version=&#8220;3.25&#8243; background_position=&#8220;top_left&#8220; custom_padding=&#8220;|||&#8220; custom_padding__hover=&#8220;|||&#8220;][et_pb_blurb title=&#8220;Erlaubnis zur Arbeitnehmer\u00fcberlassung&#8220; url=&#8220;\/wp-content\/uploads\/2019\/11\/ERLAUBNIS-bis-29.05.2020.pdf&#8220; use_icon=&#8220;on&#8220; font_icon=&#8220;%%266%%&#8220; icon_color=&#8220;#c2c3c6&#8243; use_circle=&#8220;on&#8220; icon_placement=&#8220;left&#8220; use_icon_font_size=&#8220;on&#8220; icon_font_size=&#8220;30px&#8220; module_class=&#8220;marvel_blurb_1&#8243; _builder_version=&#8220;4.0.4&#8243; header_font=&#8220;Montserrat|on|||&#8220; header_text_color=&#8220;#202e45&#8243; header_letter_spacing=&#8220;1px&#8220; body_font=&#8220;Montserrat||||&#8220; background_color=&#8220;#fff&#8220; max_width_tablet=&#8220;50px&#8220; animation_direction=&#8220;left&#8220; animation=&#8220;off&#8220; link_option_url=&#8220;\/wp-content\/uploads\/2019\/11\/ERLAUBNIS-bis-29.05.2020.pdf&#8220; link_option_url_new_window=&#8220;on&#8220;]Agentur f\u00fcr Arbeit Kiel[\/et_pb_blurb][\/et_pb_column][et_pb_column type=&#8220;1_2&#8243; _builder_version=&#8220;3.25&#8243; background_position=&#8220;top_left&#8220; custom_padding=&#8220;|||&#8220; custom_padding__hover=&#8220;|||&#8220;][et_pb_blurb title=&#8220;Unbedenklichkeitsbescheinigung&#8220; url=&#8220;\/wp-content\/uploads\/2020\/01\/UNB-Dez-19-KKH.pdf&#8220; use_icon=&#8220;on&#8220; font_icon=&#8220;%%266%%&#8220; icon_color=&#8220;#c2c3c6&#8243; use_circle=&#8220;on&#8220; icon_placement=&#8220;left&#8220; use_icon_font_size=&#8220;on&#8220; icon_font_size=&#8220;30px&#8220; module_class=&#8220;marvel_blurb_1&#8243; _builder_version=&#8220;4.0.9&#8243; header_font=&#8220;Montserrat|on|||&#8220; header_text_color=&#8220;#202e45&#8243; header_letter_spacing=&#8220;1px&#8220; body_font=&#8220;Montserrat||||&#8220; background_color=&#8220;#fff&#8220; max_width_tablet=&#8220;50px&#8220; animation_direction=&#8220;left&#8220; animation=&#8220;off&#8220; link_option_url=&#8220;\/wp-content\/uploads\/2020\/01\/UNB-Dez-19-KKH.pdf&#8220; link_option_url_new_window=&#8220;on&#8220;]AOK Bayern, DAK, KKH[\/et_pb_blurb][\/et_pb_column][\/et_pb_row][et_pb_row column_structure=&#8220;1_5,3_5,1_5&#8243; use_custom_gutter=&#8220;on&#8220; gutter_width=&#8220;2&#8243; _builder_version=&#8220;3.29.3&#8243; width=&#8220;70%&#8220; custom_margin=&#8220;40px|||&#8220; custom_margin_tablet=&#8220;20px|||&#8220; custom_margin_phone=&#8220;0px||0px|&#8220; custom_margin_last_edited=&#8220;on|phone&#8220; custom_padding=&#8220;0px|80px|0px|80px|false|false&#8220;][et_pb_column type=&#8220;1_5&#8243; _builder_version=&#8220;3.25&#8243; background_position=&#8220;top_left&#8220; custom_padding=&#8220;|||&#8220; custom_padding__hover=&#8220;|||&#8220;][\/et_pb_column][et_pb_column type=&#8220;3_5&#8243; _builder_version=&#8220;3.25&#8243; background_position=&#8220;top_left&#8220; custom_padding=&#8220;|||&#8220; custom_padding__hover=&#8220;|||&#8220;][\/et_pb_column][et_pb_column type=&#8220;1_5&#8243; _builder_version=&#8220;3.25&#8243; background_position=&#8220;top_left&#8220; custom_padding=&#8220;|||&#8220; custom_padding__hover=&#8220;|||&#8220;][\/et_pb_column][\/et_pb_row][et_pb_row column_structure=&#8220;1_2,1_2&#8243; use_custom_gutter=&#8220;on&#8220; gutter_width=&#8220;2&#8243; _builder_version=&#8220;3.29.3&#8243; width=&#8220;70%&#8220; custom_margin=&#8220;40px|||&#8220; custom_margin_tablet=&#8220;20px|||&#8220; custom_margin_phone=&#8220;0px||0px|&#8220; custom_margin_last_edited=&#8220;on|phone&#8220; custom_padding=&#8220;0px|80px|0px|80px|false|false&#8220;][et_pb_column type=&#8220;1_2&#8243; _builder_version=&#8220;3.25&#8243; background_position=&#8220;top_left&#8220; custom_padding=&#8220;|||&#8220; custom_padding__hover=&#8220;|||&#8220;][\/et_pb_column][et_pb_column type=&#8220;1_2&#8243; _builder_version=&#8220;3.25&#8243; background_position=&#8220;top_left&#8220; custom_padding=&#8220;|||&#8220; custom_padding__hover=&#8220;|||&#8220;][\/et_pb_column][\/et_pb_row][et_pb_row _builder_version=&#8220;3.25&#8243; custom_margin=&#8220;||0px|&#8220; custom_padding=&#8220;120px||0px|||&#8220;][et_pb_column type=&#8220;4_4&#8243; _builder_version=&#8220;3.25&#8243; custom_padding=&#8220;|||&#8220; custom_padding__hover=&#8220;|||&#8220;][\/et_pb_column][\/et_pb_row][et_pb_row column_structure=&#8220;1_2,1_2&#8243; _builder_version=&#8220;3.27.4&#8243;][et_pb_column type=&#8220;1_2&#8243; _builder_version=&#8220;3.27.4&#8243;][\/et_pb_column][et_pb_column type=&#8220;1_2&#8243; _builder_version=&#8220;3.27.4&#8243;][\/et_pb_column][\/et_pb_row][\/et_pb_section][et_pb_section fb_built=&#8220;1&#8243; module_class=&#8220;dct_cta_sec_2_v1&#8243; _builder_version=&#8220;3.27.4&#8243; background_color=&#8220;#101c36&#8243; min_height=&#8220;84px&#8220; custom_margin=&#8220;-20px||||false|false&#8220; custom_padding=&#8220;10px||10px&#8220; top_divider_style=&#8220;slant2&#8243; top_divider_color=&#8220;#bf1f13&#8243; top_divider_height=&#8220;49px&#8220; top_divider_flip=&#8220;vertical|horizontal&#8220; top_divider_arrangement=&#8220;above_content&#8220;][\/et_pb_section]<\/p>\n","protected":false},"excerpt":{"rendered":"<p>Centrum stahov\u00e1n\u00ed soubor\u016fInteressenverbandgesetzliche UnfallversicherungAgentur f\u00fcr Arbeit KielAOK Bayern, DAK, KKH<\/p>\n","protected":false},"author":1,"featured_media":0,"parent":0,"menu_order":0,"comment_status":"closed","ping_status":"closed","template":"","meta":{"_et_pb_use_builder":"on","_et_pb_old_content":"","_et_gb_content_width":"","inline_featured_image":false,"footnotes":""},"class_list":["post-4387398","page","type-page","status-publish","hentry"],"_links":{"self":[{"href":"https:\/\/www.intec-personal.de\/cs\/wp-json\/wp\/v2\/pages\/4387398","targetHints":{"allow":["GET"]}}],"collection":[{"href":"https:\/\/www.intec-personal.de\/cs\/wp-json\/wp\/v2\/pages"}],"about":[{"href":"https:\/\/www.intec-personal.de\/cs\/wp-json\/wp\/v2\/types\/page"}],"author":[{"embeddable":true,"href":"https:\/\/www.intec-personal.de\/cs\/wp-json\/wp\/v2\/users\/1"}],"replies":[{"embeddable":true,"href":"https:\/\/www.intec-personal.de\/cs\/wp-json\/wp\/v2\/comments?post=4387398"}],"version-history":[{"count":1,"href":"https:\/\/www.intec-personal.de\/cs\/wp-json\/wp\/v2\/pages\/4387398\/revisions"}],"predecessor-version":[{"id":4387399,"href":"https:\/\/www.intec-personal.de\/cs\/wp-json\/wp\/v2\/pages\/4387398\/revisions\/4387399"}],"wp:attachment":[{"href":"https:\/\/www.intec-personal.de\/cs\/wp-json\/wp\/v2\/media?parent=4387398"}],"curies":[{"name":"wp","href":"https:\/\/api.w.org\/{rel}","templated":true}]}}