{"id":4387382,"date":"2020-06-10T01:09:27","date_gmt":"2020-06-09T23:09:27","guid":{"rendered":"https:\/\/www.intec-personal.de\/genderove-upozorneni\/"},"modified":"2020-06-10T01:18:39","modified_gmt":"2020-06-09T23:18:39","slug":"genderove-upozorneni","status":"publish","type":"page","link":"https:\/\/www.intec-personal.de\/cs\/genderove-upozorneni\/","title":{"rendered":"Genderov\u00e9 upozorn\u011bn\u00ed"},"content":{"rendered":"<p>[et_pb_section fb_built=&#8220;1&#8243; admin_label=&#8220;section&#8220; _builder_version=&#8220;3.27.4&#8243; background_color=&#8220;#101c36&#8243; custom_padding=&#8220;0px|0px|0px|0px&#8220; fb_built=&#8220;1&#8243; bb_built=&#8220;1&#8243; _i=&#8220;0&#8243; _address=&#8220;0&#8243;][et_pb_row use_custom_gutter=&#8220;on&#8220; gutter_width=&#8220;1&#8243; make_equal=&#8220;on&#8220; admin_label=&#8220;row&#8220; _builder_version=&#8220;3.27.4&#8243; width=&#8220;70%&#8220; width_tablet=&#8220;100%&#8220; width_last_edited=&#8220;on|desktop&#8220; max_width=&#8220;100%&#8220; max_width_tablet=&#8220;100%&#8220; max_width_last_edited=&#8220;on|desktop&#8220; custom_margin=&#8220;0px||0px|&#8220; custom_padding=&#8220;0px||0px|&#8220; make_fullwidth=&#8220;on&#8220; _i=&#8220;0&#8243; _address=&#8220;0.0&#8243;][et_pb_column type=&#8220;4_4&#8243; _builder_version=&#8220;3.27.4&#8243; background_color=&#8220;#101c36&#8243; background_position=&#8220;top_left&#8220; custom_padding=&#8220;140px|100px|140px|100px&#8220; custom_padding_tablet=&#8220;50px|50px|50px|50px&#8220; custom_padding_phone=&#8220;60px|30px|60px|30px&#8220; custom_padding_last_edited=&#8220;on|phone&#8220; _i=&#8220;0&#8243; _address=&#8220;0.0.0&#8243; custom_padding__hover=&#8220;|||&#8220;][et_pb_text _builder_version=&#8220;3.27.4&#8243; header_text_color=&#8220;#101c36&#8243; header_2_font=&#8220;|700|||||||&#8220; header_2_text_color=&#8220;#d9dadd&#8220; header_2_font_size=&#8220;38px&#8220; header_2_line_height=&#8220;1.3em&#8220; custom_margin=&#8220;||38px|||&#8220; _i=&#8220;0&#8243; _address=&#8220;0.0.0.0&#8243;]<\/p>\n<h2>Genderov\u00e9 upozorn\u011bn\u00ed<\/h2>\n<p>[\/et_pb_text][et_pb_cta _builder_version=&#8220;3.27.4&#8243; body_font=&#8220;Montserrat||||&#8220; body_text_color=&#8220;#dee1e2&#8243; body_font_size=&#8220;18&#8243; body_line_height=&#8220;1.6em&#8220; use_background_color=&#8220;off&#8220; text_orientation=&#8220;left&#8220; custom_margin=&#8220;0px||30px|&#8220; custom_padding=&#8220;0px|||&#8220; animation_style=&#8220;slide&#8220; animation_direction=&#8220;right&#8220; header_font_size_last_edited=&#8220;off|desktop&#8220; body_font_size_tablet=&#8220;16&#8243; body_font_size_phone=&#8220;14&#8243; body_font_size_last_edited=&#8220;on|desktop&#8220; border_style_all=&#8220;solid&#8220; border_style=&#8220;solid&#8220; _i=&#8220;1&#8243; _address=&#8220;0.0.0.1&#8243; button_text_size__hover_enabled=&#8220;off&#8220; button_one_text_size__hover_enabled=&#8220;off&#8220; button_two_text_size__hover_enabled=&#8220;off&#8220; button_text_color__hover_enabled=&#8220;off&#8220; button_one_text_color__hover_enabled=&#8220;off&#8220; button_two_text_color__hover_enabled=&#8220;off&#8220; button_border_width__hover_enabled=&#8220;off&#8220; button_one_border_width__hover_enabled=&#8220;off&#8220; button_two_border_width__hover_enabled=&#8220;off&#8220; button_border_color__hover_enabled=&#8220;off&#8220; button_one_border_color__hover_enabled=&#8220;off&#8220; button_two_border_color__hover_enabled=&#8220;off&#8220; button_border_radius__hover_enabled=&#8220;off&#8220; button_one_border_radius__hover_enabled=&#8220;off&#8220; button_two_border_radius__hover_enabled=&#8220;off&#8220; button_letter_spacing__hover_enabled=&#8220;off&#8220; button_one_letter_spacing__hover_enabled=&#8220;off&#8220; button_two_letter_spacing__hover_enabled=&#8220;off&#8220; button_bg_color__hover_enabled=&#8220;off&#8220; button_one_bg_color__hover_enabled=&#8220;off&#8220; button_two_bg_color__hover_enabled=&#8220;off&#8220;]Aus Gr\u00fcnden der besseren Lesbarkeit wird bei Personenbezeichnungen und personenbezogenen Hauptw\u00f6rtern auf dieser Website, sowie auf weiteren digitalen Kan\u00e4len (Facebook, Newsletter\u2026) die m\u00e4nnliche Form verwendet. Entsprechende Begriffe gelten im Sinne der Gleichbehandlung grunds\u00e4tzlich f\u00fcr alle Geschlechter. Die verk\u00fcrzte Sprachform hat nur redaktionelle Gr\u00fcnde und beinhaltet keine Wertung.  [\/et_pb_cta][\/et_pb_column][\/et_pb_row][\/et_pb_section][et_pb_section fb_built=&#8220;1&#8243; custom_padding_last_edited=&#8220;on|desktop&#8220; _builder_version=&#8220;3.27.4&#8243; background_color=&#8220;#f4f4f4&#8243; use_background_color_gradient=&#8220;on&#8220; background_color_gradient_start=&#8220;rgba(194,195,198,0.68)&#8220; background_color_gradient_end=&#8220;#e8eaed&#8220; background_color_gradient_overlays_image=&#8220;on&#8220; background_image=&#8220;https:\/\/www.intec-personal.de\/wp-content\/uploads\/2019\/08\/marvel-plumber-16-1.jpg&#8220; custom_padding=&#8220;100px||100px|&#8220; custom_padding_tablet=&#8220;50px|0|50px|0&#8243; fb_built=&#8220;1&#8243; bb_built=&#8220;1&#8243; _i=&#8220;1&#8243; _address=&#8220;1&#8243;][et_pb_row _builder_version=&#8220;3.25&#8243; custom_margin=&#8220;||0px|&#8220; custom_padding=&#8220;||0px|&#8220; _i=&#8220;0&#8243; _address=&#8220;1.0&#8243;][et_pb_column type=&#8220;4_4&#8243; _builder_version=&#8220;3.25&#8243; custom_padding=&#8220;|||&#8220; _i=&#8220;0&#8243; _address=&#8220;1.0.0&#8243; custom_padding__hover=&#8220;|||&#8220;][\/et_pb_column][\/et_pb_row][et_pb_row column_structure=&#8220;1_2,1_2&#8243; _builder_version=&#8220;3.27.4&#8243; _i=&#8220;1&#8243; _address=&#8220;1.1&#8243;][et_pb_column type=&#8220;1_2&#8243; _builder_version=&#8220;3.27.4&#8243; _i=&#8220;0&#8243; _address=&#8220;1.1.0&#8243;][\/et_pb_column][et_pb_column type=&#8220;1_2&#8243; _builder_version=&#8220;3.27.4&#8243; _i=&#8220;1&#8243; _address=&#8220;1.1.1&#8243;][\/et_pb_column][\/et_pb_row][\/et_pb_section][et_pb_section fb_built=&#8220;1&#8243; module_class=&#8220;dct_cta_sec_2_v1&#8243; _builder_version=&#8220;3.27.4&#8243; background_color=&#8220;#101c36&#8243; min_height=&#8220;84px&#8220; custom_margin=&#8220;-20px||||false|false&#8220; custom_padding=&#8220;10px||10px&#8220; top_divider_style=&#8220;slant2&#8243; top_divider_color=&#8220;#bf1f13&#8243; top_divider_height=&#8220;49px&#8220; top_divider_flip=&#8220;vertical|horizontal&#8220; top_divider_arrangement=&#8220;above_content&#8220; fb_built=&#8220;1&#8243; _i=&#8220;2&#8243; _address=&#8220;2&#8243;][\/et_pb_section]<\/p>\n","protected":false},"excerpt":{"rendered":"<p>Genderov\u00e9 upozorn\u011bn\u00edAus Gr\u00fcnden der besseren Lesbarkeit wird bei Personenbezeichnungen und personenbezogenen Hauptw\u00f6rtern auf dieser Website, sowie auf weiteren digitalen Kan\u00e4len (Facebook, Newsletter\u2026) die m\u00e4nnliche Form verwendet. Entsprechende Begriffe gelten im Sinne der Gleichbehandlung grunds\u00e4tzlich f\u00fcr alle Geschlechter. Die verk\u00fcrzte Sprachform hat nur redaktionelle Gr\u00fcnde und beinhaltet keine Wertung.<\/p>\n","protected":false},"author":1,"featured_media":0,"parent":0,"menu_order":0,"comment_status":"closed","ping_status":"closed","template":"","meta":{"_et_pb_use_builder":"on","_et_pb_old_content":"","_et_gb_content_width":"","inline_featured_image":false,"footnotes":""},"class_list":["post-4387382","page","type-page","status-publish","hentry"],"_links":{"self":[{"href":"https:\/\/www.intec-personal.de\/cs\/wp-json\/wp\/v2\/pages\/4387382","targetHints":{"allow":["GET"]}}],"collection":[{"href":"https:\/\/www.intec-personal.de\/cs\/wp-json\/wp\/v2\/pages"}],"about":[{"href":"https:\/\/www.intec-personal.de\/cs\/wp-json\/wp\/v2\/types\/page"}],"author":[{"embeddable":true,"href":"https:\/\/www.intec-personal.de\/cs\/wp-json\/wp\/v2\/users\/1"}],"replies":[{"embeddable":true,"href":"https:\/\/www.intec-personal.de\/cs\/wp-json\/wp\/v2\/comments?post=4387382"}],"version-history":[{"count":3,"href":"https:\/\/www.intec-personal.de\/cs\/wp-json\/wp\/v2\/pages\/4387382\/revisions"}],"predecessor-version":[{"id":4387396,"href":"https:\/\/www.intec-personal.de\/cs\/wp-json\/wp\/v2\/pages\/4387382\/revisions\/4387396"}],"wp:attachment":[{"href":"https:\/\/www.intec-personal.de\/cs\/wp-json\/wp\/v2\/media?parent=4387382"}],"curies":[{"name":"wp","href":"https:\/\/api.w.org\/{rel}","templated":true}]}}