{"id":4387369,"date":"2020-06-10T01:01:58","date_gmt":"2020-06-09T23:01:58","guid":{"rendered":"https:\/\/www.intec-personal.de\/impresum\/"},"modified":"2023-05-15T11:54:50","modified_gmt":"2023-05-15T09:54:50","slug":"impresum","status":"publish","type":"page","link":"https:\/\/www.intec-personal.de\/cs\/impresum\/","title":{"rendered":"Impresum"},"content":{"rendered":"<p>[et_pb_section fb_built=&#8220;1&#8243; admin_label=&#8220;section&#8220; _builder_version=&#8220;4.16&#8243; background_color=&#8220;#101c36&#8243; custom_padding=&#8220;0px|0px|0px|0px&#8220; global_colors_info=&#8220;{}&#8220;][et_pb_row make_equal=&#8220;on&#8220; admin_label=&#8220;row&#8220; _builder_version=&#8220;4.16&#8243; width=&#8220;70%&#8220; width_tablet=&#8220;100%&#8220; width_phone=&#8220;&#8220; width_last_edited=&#8220;on|desktop&#8220; max_width=&#8220;100%&#8220; max_width_tablet=&#8220;100%&#8220; max_width_phone=&#8220;&#8220; max_width_last_edited=&#8220;on|desktop&#8220; height=&#8220;242px&#8220; custom_margin=&#8220;|auto|30px|auto|false|false&#8220; custom_padding=&#8220;6px||||false|false&#8220; make_fullwidth=&#8220;on&#8220; global_colors_info=&#8220;{}&#8220;][et_pb_column type=&#8220;4_4&#8243; _builder_version=&#8220;4.16&#8243; background_color=&#8220;#101c36&#8243; background_position=&#8220;top_left&#8220; custom_padding=&#8220;140px|100px|140px|100px&#8220; custom_padding_tablet=&#8220;50px|50px|50px|50px&#8220; custom_padding_phone=&#8220;60px|30px|60px|30px&#8220; custom_padding_last_edited=&#8220;on|phone&#8220; global_colors_info=&#8220;{}&#8220; custom_padding__hover=&#8220;|||&#8220;][et_pb_text _builder_version=&#8220;4.16&#8243; header_text_color=&#8220;#101c36&#8243; header_2_font=&#8220;|700|||||||&#8220; header_2_text_color=&#8220;#d9dadd&#8220; header_2_font_size=&#8220;38px&#8220; header_2_line_height=&#8220;1.3em&#8220; custom_margin=&#8220;||18px|||&#8220; global_colors_info=&#8220;{}&#8220;]<\/p>\n<h2>Impresum<\/h2>\n<p>[\/et_pb_text][\/et_pb_column][\/et_pb_row][et_pb_row column_structure=&#8220;1_2,1_2&#8243; _builder_version=&#8220;4.16&#8243; width=&#8220;60%&#8220; custom_padding=&#8220;||70px|||&#8220; global_colors_info=&#8220;{}&#8220;][et_pb_column type=&#8220;1_2&#8243; _builder_version=&#8220;4.16&#8243; global_colors_info=&#8220;{}&#8220;][et_pb_blurb title=&#8220;Angaben gem\u00e4\u00df \u00a7 5 TMG&#8220; _builder_version=&#8220;4.16&#8243; header_font=&#8220;||||||||&#8220; header_text_color=&#8220;#c2c3c6&#8243; header_font_size=&#8220;19px&#8220; header_line_height=&#8220;1.1em&#8220; body_font=&#8220;||||||||&#8220; body_text_color=&#8220;#ffffff&#8220; body_font_size=&#8220;18px&#8220; global_colors_info=&#8220;{}&#8220;]INTEC-Personal GmbH &amp; Co. KG<br \/>\nSchlachthofstrasse 81<br \/>\n99085 Erfurt<\/p>\n<p>Gesch\u00e4ftsf\u00fchrer:<br \/>\nMartin Vrzal<\/p>\n<p>Handelsregister: 504309<br \/>\nRegistergericht: Amtsgericht Jena[\/et_pb_blurb][\/et_pb_column][et_pb_column type=&#8220;1_2&#8243; _builder_version=&#8220;4.16&#8243; global_colors_info=&#8220;{}&#8220;][et_pb_blurb title=&#8220;Vertreten durch die pers\u00f6nlich haftende Gesellschafterin&#8220; _builder_version=&#8220;4.16&#8243; header_font=&#8220;||||||||&#8220; header_text_color=&#8220;#c2c3c6&#8243; header_font_size=&#8220;19px&#8220; header_line_height=&#8220;1.1em&#8220; body_font=&#8220;||||||||&#8220; body_text_color=&#8220;#ffffff&#8220; body_font_size=&#8220;18px&#8220; global_colors_info=&#8220;{}&#8220;]INTEC Verwaltungs GmbH<br \/>\nSchlachthofstrasse 81<br \/>\n99085 Erfurt<\/p>\n<p>Handelsregister: 513035<br \/>\nRegistergericht: Amtsgericht Jena[\/et_pb_blurb][et_pb_image src=&#8220;https:\/\/www.intec-personal.de\/wp-content\/uploads\/2020\/02\/erecht24-grau-impressum-klein.png&#8220; _builder_version=&#8220;4.16&#8243; custom_margin=&#8220;|||29px||&#8220; global_colors_info=&#8220;{}&#8220;][\/et_pb_image][\/et_pb_column][\/et_pb_row][\/et_pb_section][et_pb_section fb_built=&#8220;1&#8243; custom_padding_last_edited=&#8220;on|desktop&#8220; _builder_version=&#8220;4.16&#8243; background_color=&#8220;#f4f4f4&#8243; custom_margin=&#8220;||10px||false|false&#8220; custom_padding=&#8220;30px||2px|||&#8220; custom_padding_tablet=&#8220;50px|0|50px|0&#8243; custom_padding_phone=&#8220;&#8220; global_colors_info=&#8220;{}&#8220;][et_pb_row column_structure=&#8220;1_3,1_3,1_3&#8243; _builder_version=&#8220;4.16&#8243; width=&#8220;60%&#8220; min_height=&#8220;217px&#8220; custom_margin=&#8220;|auto|1px|auto||&#8220; custom_padding=&#8220;|2%|5px|2%|false|false&#8220; global_colors_info=&#8220;{}&#8220;][et_pb_column type=&#8220;1_3&#8243; _builder_version=&#8220;4.16&#8243; global_colors_info=&#8220;{}&#8220;][et_pb_blurb title=&#8220;Kontakt&#8220; _builder_version=&#8220;4.16&#8243; header_font=&#8220;||||||||&#8220; header_text_color=&#8220;#1e3769&#8243; header_font_size=&#8220;19px&#8220; header_line_height=&#8220;1.1em&#8220; body_font=&#8220;||||||||&#8220; body_text_color=&#8220;#15161f&#8220; body_font_size=&#8220;18px&#8220; global_colors_info=&#8220;{}&#8220;]Telefon: 036143039040<br \/>\nTelefax: 03616662437<br \/>\nE-Mail: info@intec-personal.de[\/et_pb_blurb][\/et_pb_column][et_pb_column type=&#8220;1_3&#8243; _builder_version=&#8220;4.16&#8243; global_colors_info=&#8220;{}&#8220;][et_pb_blurb title=&#8220;Umsatzsteuer-ID&#8220; _builder_version=&#8220;4.16&#8243; header_font=&#8220;||||||||&#8220; header_text_color=&#8220;#1e3769&#8243; header_font_size=&#8220;19px&#8220; header_line_height=&#8220;1.1em&#8220; body_font=&#8220;||||||||&#8220; body_text_color=&#8220;#15161f&#8220; body_font_size=&#8220;18px&#8220; global_colors_info=&#8220;{}&#8220;]Umsatzsteuer-Identifikationsnummer<br \/>\ngem\u00e4\u00df \u00a727 a Umsatzsteuergesetz:<br \/>\nDE300404120[\/et_pb_blurb][\/et_pb_column][et_pb_column type=&#8220;1_3&#8243; _builder_version=&#8220;4.16&#8243; global_colors_info=&#8220;{}&#8220;][et_pb_blurb title=&#8220;Aufsichtsbeh\u00f6rde&#8220; _builder_version=&#8220;4.16&#8243; header_font=&#8220;||||||||&#8220; header_text_color=&#8220;#1e3769&#8243; header_font_size=&#8220;19px&#8220; header_line_height=&#8220;1.1em&#8220; body_font=&#8220;||||||||&#8220; body_text_color=&#8220;#15161f&#8220; body_font_size=&#8220;18px&#8220; custom_margin=&#8220;||15px|||&#8220; link_option_url_new_window=&#8220;on&#8220; global_colors_info=&#8220;{}&#8220;]<\/p>\n<p>Agentur f\u00fcr Arbeit<br \/> Projensdorfer Stra\u00dfe 82<br \/> 24106 Kiel<\/p>\n<p>[\/et_pb_blurb][et_pb_text _builder_version=&#8220;4.16&#8243; text_font=&#8220;Montserrat||||on|||#bf1f13|&#8220; text_font_size=&#8220;12px&#8220; link_option_url=&#8220;https:\/\/www3.arbeitsagentur.de\/web\/content\/DE\/service\/Ueberun s\/Regionaldirektionen\/Nord\/index.htm&#8220; link_option_url_new_window=&#8220;on&#8220; global_colors_info=&#8220;{}&#8220;]<\/p>\n<p>https:\/\/www3.arbeitsagentur.de\/web\/content\/DE\/service\/Ueberun s\/Regionaldirektionen\/Nord\/index.htm<\/p>\n<p>[\/et_pb_text][\/et_pb_column][\/et_pb_row][\/et_pb_section][et_pb_section fb_built=&#8220;1&#8243; custom_padding_last_edited=&#8220;on|desktop&#8220; _builder_version=&#8220;4.16&#8243; background_color=&#8220;#f4f4f4&#8243; custom_margin=&#8220;-2px|||||&#8220; custom_padding=&#8220;7px||40px|||&#8220; custom_padding_tablet=&#8220;50px|0|50px|0&#8243; custom_padding_phone=&#8220;&#8220; global_colors_info=&#8220;{}&#8220;][et_pb_row column_structure=&#8220;1_3,1_3,1_3&#8243; _builder_version=&#8220;4.16&#8243; width=&#8220;60%&#8220; custom_margin=&#8220;|auto|16px|auto||&#8220; custom_padding=&#8220;|2%|5px|2%|false|false&#8220; global_colors_info=&#8220;{}&#8220;][et_pb_column type=&#8220;1_3&#8243; _builder_version=&#8220;4.16&#8243; global_colors_info=&#8220;{}&#8220;][et_pb_blurb title=&#8220;Verantwortlich f\u00fcr alle eigenen Inhalte ist, gem\u00e4\u00df \u00a7 7 Abs. 1 TMG&#8220; _builder_version=&#8220;4.21.0&#8243; header_font=&#8220;||||||||&#8220; header_text_color=&#8220;#1e3769&#8243; header_font_size=&#8220;19px&#8220; header_line_height=&#8220;1.1em&#8220; body_font=&#8220;||||||||&#8220; body_text_color=&#8220;#15161f&#8220; body_font_size=&#8220;12px&#8220; hover_enabled=&#8220;0&#8243; global_colors_info=&#8220;{}&#8220; sticky_enabled=&#8220;0&#8243;]INTEC Personal GmbH &#038; Co. KG[\/et_pb_blurb][\/et_pb_column][et_pb_column type=&#8220;1_3&#8243; _builder_version=&#8220;4.16&#8243; global_colors_info=&#8220;{}&#8220;][et_pb_blurb title=&#8220;Kozeption \/ technische Umsetzung&#8220; _builder_version=&#8220;4.21.0&#8243; header_font=&#8220;||||||||&#8220; header_text_color=&#8220;#1e3769&#8243; header_font_size=&#8220;19px&#8220; header_line_height=&#8220;1.1em&#8220; body_font=&#8220;||||||||&#8220; body_text_color=&#8220;#15161f&#8220; body_font_size=&#8220;12px&#8220; hover_enabled=&#8220;0&#8243; global_colors_info=&#8220;{}&#8220; sticky_enabled=&#8220;0&#8243;]INTEC Personal GmbH &amp; Co. KG<br \/>\n[\/et_pb_blurb][\/et_pb_column][et_pb_column type=&#8220;1_3&#8243; _builder_version=&#8220;4.16&#8243; global_colors_info=&#8220;{}&#8220;][et_pb_blurb title=&#8220;textliche Inhalte&#8220; url=&#8220;https:\/\/stattstadtmaedchen.com\/&#8220; _builder_version=&#8220;4.16&#8243; header_font=&#8220;||||||||&#8220; header_text_color=&#8220;#1e3769&#8243; header_font_size=&#8220;19px&#8220; header_line_height=&#8220;1.1em&#8220; body_font=&#8220;||||||||&#8220; body_text_color=&#8220;#15161f&#8220; body_font_size=&#8220;18px&#8220; link_option_url=&#8220;https:\/\/stattstadtmaedchen.com\/&#8220; global_colors_info=&#8220;{}&#8220;]Franzi Waldner[\/et_pb_blurb][\/et_pb_column][\/et_pb_row][\/et_pb_section][et_pb_section fb_built=&#8220;1&#8243; _builder_version=&#8220;4.16&#8243; custom_padding=&#8220;30px|||||&#8220; global_colors_info=&#8220;{}&#8220;][et_pb_row column_structure=&#8220;1_2,1_2&#8243; _builder_version=&#8220;4.16&#8243; width=&#8220;60%&#8220; custom_padding=&#8220;||||false|false&#8220; global_colors_info=&#8220;{}&#8220;][et_pb_column type=&#8220;1_2&#8243; _builder_version=&#8220;4.16&#8243; global_colors_info=&#8220;{}&#8220;][et_pb_blurb title=&#8220;Streitschlichtung&#8220; content_tablet=&#8220;&#8220; content_phone=&#8220;&#8220; content_last_edited=&#8220;on|desktop&#8220; _builder_version=&#8220;4.16&#8243; header_level=&#8220;h3&#8243; header_font=&#8220;||||||||&#8220; header_text_color=&#8220;#1e3769&#8243; header_font_size=&#8220;24px&#8220; header_line_height=&#8220;1.4em&#8220; body_font=&#8220;||||||||&#8220; body_text_color=&#8220;#a09d9d&#8220; global_colors_info=&#8220;{}&#8220; content__hover_enabled=&#8220;on|desktop&#8220; content__hover=&#8220;Die Europ\u00e4ische Kommission stellt eine Plattform zur Online-Streitbeilegung (OS) bereit: <a href=%22https:\/\/ec.europa.eu\/consumers\/odr%22>https:\/\/ec.europa.eu\/consumers\/odr<\/a><br \/>\nUnsere E-Mail-Adresse finden Sie oben im Impressum.<\/p>\n<p>Wir sind nicht bereit oder verpflichtet, an Streitbeilegungsverfahren vor einer Verbraucherschlichtungsstelle teilzunehmen.&#8220;]Die Europ\u00e4ische Kommission stellt eine Plattform zur Online-Streitbeilegung (OS) bereit: <a href=\"https:\/\/ec.europa.eu\/consumers\/odr\" rel=\"nofollow noopener\" target=\"_blank\">https:\/\/ec.europa.eu\/consumers\/odr<\/a><br \/>\nUnsere E-Mail-Adresse finden Sie oben im Impressum.<\/p>\n<p>Wir sind nicht bereit oder verpflichtet, an Streitbeilegungsverfahren vor einer Verbraucherschlichtungsstelle teilzunehmen.[\/et_pb_blurb][\/et_pb_column][et_pb_column type=&#8220;1_2&#8243; _builder_version=&#8220;4.16&#8243; global_colors_info=&#8220;{}&#8220;][et_pb_blurb title=&#8220;Haftung f\u00fcr Inhalte&#8220; content_tablet=&#8220;&#8220; content_phone=&#8220;&#8220; content_last_edited=&#8220;on|desktop&#8220; _builder_version=&#8220;4.16&#8243; header_level=&#8220;h3&#8243; header_font=&#8220;||||||||&#8220; header_text_color=&#8220;#1e3769&#8243; header_font_size=&#8220;24px&#8220; header_line_height=&#8220;1.4em&#8220; body_font=&#8220;||||||||&#8220; body_text_color=&#8220;#a09d9d&#8220; global_colors_info=&#8220;{}&#8220; content__hover_enabled=&#8220;on|desktop&#8220; content__hover=&#8220;Als Diensteanbieter sind wir gem\u00e4\u00df \u00a7 7 Abs.1 TMG f\u00fcr eigene Inhalte auf diesen Seiten nach den allgemeinen Gesetzen verantwortlich. Nach \u00a7\u00a7 8 bis 10 TMG sind wir als Diensteanbieter jedoch nicht verpflichtet, \u00fcbermittelte oder gespeicherte fremde Informationen zu \u00fcberwachen oder nach Umst\u00e4nden zu forschen, die auf eine rechtswidrige T\u00e4tigkeit hinweisen.<\/p>\n<p>Verpflichtungen zur Entfernung oder Sperrung der Nutzung von Informationen nach den allgemeinen Gesetzen bleiben hiervon unber\u00fchrt. Eine diesbez\u00fcgliche Haftung ist jedoch erst ab dem Zeitpunkt der Kenntnis einer konkreten Rechtsverletzung m\u00f6glich. Bei Bekanntwerden von entsprechenden Rechtsverletzungen werden wir diese Inhalte umgehend entfernen.&#8220;]Als Diensteanbieter sind wir gem\u00e4\u00df \u00a7 7 Abs.1 TMG f\u00fcr eigene Inhalte auf diesen Seiten nach den allgemeinen Gesetzen verantwortlich. Nach \u00a7\u00a7 8 bis 10 TMG sind wir als Diensteanbieter jedoch nicht verpflichtet, \u00fcbermittelte oder gespeicherte fremde Informationen zu \u00fcberwachen oder nach Umst\u00e4nden zu forschen, die auf eine rechtswidrige T\u00e4tigkeit hinweisen.<\/p>\n<p>Verpflichtungen zur Entfernung oder Sperrung der Nutzung von Informationen nach den allgemeinen Gesetzen bleiben hiervon unber\u00fchrt. Eine diesbez\u00fcgliche Haftung ist jedoch erst ab dem Zeitpunkt der Kenntnis einer konkreten Rechtsverletzung m\u00f6glich. Bei Bekanntwerden von entsprechenden Rechtsverletzungen werden wir diese Inhalte umgehend entfernen.[\/et_pb_blurb][\/et_pb_column][\/et_pb_row][et_pb_row column_structure=&#8220;1_2,1_2&#8243; _builder_version=&#8220;4.16&#8243; width=&#8220;60%&#8220; custom_padding=&#8220;||70px|||&#8220; global_colors_info=&#8220;{}&#8220;][et_pb_column type=&#8220;1_2&#8243; _builder_version=&#8220;4.16&#8243; global_colors_info=&#8220;{}&#8220;][et_pb_blurb title=&#8220;Haftung f\u00fcr Links&#8220; content_tablet=&#8220;&#8220; content_phone=&#8220;&#8220; content_last_edited=&#8220;on|desktop&#8220; _builder_version=&#8220;4.16&#8243; header_level=&#8220;h3&#8243; header_font=&#8220;||||||||&#8220; header_text_color=&#8220;#1e3769&#8243; header_font_size=&#8220;24px&#8220; header_line_height=&#8220;1.4em&#8220; body_font=&#8220;||||||||&#8220; body_text_color=&#8220;#a09d9d&#8220; global_colors_info=&#8220;{}&#8220; content__hover_enabled=&#8220;on|desktop&#8220; content__hover=&#8220;Unser Angebot enth\u00e4lt Links zu externen Websites Dritter, auf deren Inhalte wir keinen Einfluss haben. Deshalb k\u00f6nnen wir f\u00fcr diese fremden Inhalte auch keine Gew\u00e4hr \u00fcbernehmen. F\u00fcr die Inhalte der verlinkten Seiten ist stets der jeweilige Anbieter oder Betreiber der Seiten verantwortlich. Die verlinkten Seiten wurden zum Zeitpunkt der Verlinkung auf m\u00f6gliche Rechtsverst\u00f6\u00dfe \u00fcberpr\u00fcft. Rechtswidrige Inhalte waren zum Zeitpunkt der Verlinkung nicht erkennbar.<\/p>\n<p>Eine permanente inhaltliche Kontrolle der verlinkten Seiten ist jedoch ohne konkrete Anhaltspunkte einer Rechtsverletzung nicht zumutbar. Bei Bekanntwerden von Rechtsverletzungen werden wir derartige Links umgehend entfernen.&#8220;]Unser Angebot enth\u00e4lt Links zu externen Websites Dritter, auf deren Inhalte wir keinen Einfluss haben. Deshalb k\u00f6nnen wir f\u00fcr diese fremden Inhalte auch keine Gew\u00e4hr \u00fcbernehmen. F\u00fcr die Inhalte der verlinkten Seiten ist stets der jeweilige Anbieter oder Betreiber der Seiten verantwortlich. Die verlinkten Seiten wurden zum Zeitpunkt der Verlinkung auf m\u00f6gliche Rechtsverst\u00f6\u00dfe \u00fcberpr\u00fcft. Rechtswidrige Inhalte waren zum Zeitpunkt der Verlinkung nicht erkennbar.<\/p>\n<p>Eine permanente inhaltliche Kontrolle der verlinkten Seiten ist jedoch ohne konkrete Anhaltspunkte einer Rechtsverletzung nicht zumutbar. Bei Bekanntwerden von Rechtsverletzungen werden wir derartige Links umgehend entfernen.[\/et_pb_blurb][\/et_pb_column][et_pb_column type=&#8220;1_2&#8243; _builder_version=&#8220;4.16&#8243; global_colors_info=&#8220;{}&#8220;][et_pb_blurb title=&#8220;Urheberrecht&#8220; content_tablet=&#8220;&#8220; content_phone=&#8220;&#8220; content_last_edited=&#8220;on|desktop&#8220; _builder_version=&#8220;4.16&#8243; header_level=&#8220;h3&#8243; header_font=&#8220;||||||||&#8220; header_text_color=&#8220;#1e3769&#8243; header_font_size=&#8220;24px&#8220; header_line_height=&#8220;1.4em&#8220; body_font=&#8220;||||||||&#8220; body_text_color=&#8220;#a09d9d&#8220; global_colors_info=&#8220;{}&#8220; content__hover_enabled=&#8220;on|desktop&#8220; content__hover=&#8220;Die durch die Seitenbetreiber erstellten Inhalte und Werke auf diesen Seiten unterliegen dem deutschen Urheberrecht. Die Vervielf\u00e4ltigung, Bearbeitung, Verbreitung und jede Art der Verwertung au\u00dferhalb der Grenzen des Urheberrechtes bed\u00fcrfen der schriftlichen Zustimmung des jeweiligen Autors bzw. Erstellers. Downloads und Kopien dieser Seite sind nur f\u00fcr den privaten, nicht kommerziellen Gebrauch gestattet.<\/p>\n<p>Soweit die Inhalte auf dieser Seite nicht vom Betreiber erstellt wurden, werden die Urheberrechte Dritter beachtet. Insbesondere werden Inhalte Dritter als solche gekennzeichnet. Sollten Sie trotzdem auf eine Urheberrechtsverletzung aufmerksam werden, bitten wir um einen entsprechenden Hinweis. Bei Bekanntwerden von Rechtsverletzungen werden wir derartige Inhalte umgehend entfernen.<br \/>\nVerpflichtungen zur Entfernung oder Sperrung der Nutzung von Informationen nach den allgemeinen Gesetzen bleiben hiervon unber\u00fchrt. Eine diesbez\u00fcgliche Haftung ist jedoch erst ab dem Zeitpunkt der Kenntnis einer konkreten Rechtsverletzung m\u00f6glich. Bei Bekanntwerden von entsprechenden Rechtsverletzungen werden wir diese Inhalte umgehend entfernen.&#8220;]Die durch die Seitenbetreiber erstellten Inhalte und Werke auf diesen Seiten unterliegen dem deutschen Urheberrecht. Die Vervielf\u00e4ltigung, Bearbeitung, Verbreitung und jede Art der Verwertung au\u00dferhalb der Grenzen des Urheberrechtes bed\u00fcrfen der schriftlichen Zustimmung des jeweiligen Autors bzw. Erstellers. Downloads und Kopien dieser Seite sind nur f\u00fcr den privaten, nicht kommerziellen Gebrauch gestattet.<\/p>\n<p>Soweit die Inhalte auf dieser Seite nicht vom Betreiber erstellt wurden, werden die Urheberrechte Dritter beachtet. Insbesondere werden Inhalte Dritter als solche gekennzeichnet. Sollten Sie trotzdem auf eine Urheberrechtsverletzung aufmerksam werden, bitten wir um einen entsprechenden Hinweis. Bei Bekanntwerden von Rechtsverletzungen werden wir derartige Inhalte umgehend entfernen.<br \/>\nVerpflichtungen zur Entfernung oder Sperrung der Nutzung von Informationen nach den allgemeinen Gesetzen bleiben hiervon unber\u00fchrt. Eine diesbez\u00fcgliche Haftung ist jedoch erst ab dem Zeitpunkt der Kenntnis einer konkreten Rechtsverletzung m\u00f6glich. Bei Bekanntwerden von entsprechenden Rechtsverletzungen werden wir diese Inhalte umgehend entfernen.[\/et_pb_blurb][\/et_pb_column][\/et_pb_row][et_pb_row column_structure=&#8220;1_2,1_2&#8243; _builder_version=&#8220;4.16&#8243; width=&#8220;60%&#8220; custom_padding=&#8220;||10px|||&#8220; global_colors_info=&#8220;{}&#8220;][et_pb_column type=&#8220;1_2&#8243; _builder_version=&#8220;4.16&#8243; global_colors_info=&#8220;{}&#8220;][et_pb_blurb title=&#8220;Quellennachweis&#8220; content_tablet=&#8220;&#8220; content_phone=&#8220;&#8220; content_last_edited=&#8220;on|desktop&#8220; _builder_version=&#8220;4.16&#8243; header_level=&#8220;h3&#8243; header_font=&#8220;||||||||&#8220; header_text_color=&#8220;#1e3769&#8243; header_font_size=&#8220;24px&#8220; header_line_height=&#8220;1.4em&#8220; body_font=&#8220;||||||||&#8220; body_text_color=&#8220;#a09d9d&#8220; global_colors_info=&#8220;{}&#8220; content__hover_enabled=&#8220;on|desktop&#8220; content__hover=&#8220;&#8220;][\/et_pb_blurb][\/et_pb_column][et_pb_column type=&#8220;1_2&#8243; _builder_version=&#8220;4.16&#8243; global_colors_info=&#8220;{}&#8220;][\/et_pb_column][\/et_pb_row][et_pb_row column_structure=&#8220;1_3,1_3,1_3&#8243; _builder_version=&#8220;4.16&#8243; width=&#8220;60%&#8220; custom_padding=&#8220;|26px|70px|61px||&#8220; global_colors_info=&#8220;{}&#8220;][et_pb_column type=&#8220;1_3&#8243; _builder_version=&#8220;4.16&#8243; global_colors_info=&#8220;{}&#8220;][et_pb_text _builder_version=&#8220;4.16&#8243; text_font_size=&#8220;13px&#8220; global_colors_info=&#8220;{}&#8220;]<\/p>\n<p>tiero \u2013 stock.adobe.com<\/p>\n<p>dima_sidelnikov \u2013 stock.adobe.com<\/p>\n<p>Ljupco Smokovski \u2013 stock.adobe.com<\/p>\n<p>[\/et_pb_text][\/et_pb_column][et_pb_column type=&#8220;1_3&#8243; _builder_version=&#8220;4.16&#8243; global_colors_info=&#8220;{}&#8220;][et_pb_text _builder_version=&#8220;4.16&#8243; text_font_size=&#8220;13px&#8220; global_colors_info=&#8220;{}&#8220;]<\/p>\n<p>Firma V \u2013 stock.adobe.com<\/p>\n<p>cherylvb \u2013 stock.adobe.com<\/p>\n<p>Wellnhofer Designs \u2013 stock.adobe.com<\/p>\n<p>[\/et_pb_text][\/et_pb_column][et_pb_column type=&#8220;1_3&#8243; _builder_version=&#8220;4.16&#8243; global_colors_info=&#8220;{}&#8220;][et_pb_text _builder_version=&#8220;4.16&#8243; text_font_size=&#8220;13px&#8220; global_colors_info=&#8220;{}&#8220;]<\/p>\n<p>Ingo Bartussek \u2013 stock.adobe.com<\/p>\n<p>James Thew \u2013 stock.adobe.com<\/p>\n<p>WavebreakmediaMicro \u2013 stock.adobe.com<\/p>\n<p>[\/et_pb_text][\/et_pb_column][\/et_pb_row][\/et_pb_section][et_pb_section fb_built=&#8220;1&#8243; module_class=&#8220;dct_cta_sec_2_v1&#8243; _builder_version=&#8220;4.16&#8243; background_color=&#8220;#101c36&#8243; min_height=&#8220;84px&#8220; custom_margin=&#8220;-20px||||false|false&#8220; custom_padding=&#8220;10px||10px&#8220; top_divider_style=&#8220;slant2&#8243; top_divider_color=&#8220;#bf1f13&#8243; top_divider_height=&#8220;49px&#8220; top_divider_flip=&#8220;vertical|horizontal&#8220; top_divider_arrangement=&#8220;above_content&#8220; global_colors_info=&#8220;{}&#8220;][\/et_pb_section]<\/p>\n","protected":false},"excerpt":{"rendered":"<p>ImpresumINTEC-Personal GmbH &amp; Co. KG Schlachthofstrasse 81 99085 Erfurt Gesch\u00e4ftsf\u00fchrer: Martin Vrzal Handelsregister: 504309 Registergericht: Amtsgericht JenaINTEC Verwaltungs GmbH Schlachthofstrasse 81 99085 Erfurt Handelsregister: 513035 Registergericht: Amtsgericht JenaTelefon: 036143039040 Telefax: 03616662437 E-Mail: info@intec-personal.deUmsatzsteuer-Identifikationsnummer gem\u00e4\u00df \u00a727 a Umsatzsteuergesetz: DE300404120Agentur f\u00fcr Arbeit Projensdorfer Stra\u00dfe 82 24106 Kielhttps:\/\/www3.arbeitsagentur.de\/web\/content\/DE\/service\/Ueberun s\/Regionaldirektionen\/Nord\/index.htmINTEC Personal GmbH &#038; Co. KGINTEC Personal GmbH &amp; Co. [&hellip;]<\/p>\n","protected":false},"author":1,"featured_media":0,"parent":0,"menu_order":0,"comment_status":"closed","ping_status":"closed","template":"","meta":{"_et_pb_use_builder":"on","_et_pb_old_content":"","_et_gb_content_width":"","inline_featured_image":false,"footnotes":""},"class_list":["post-4387369","page","type-page","status-publish","hentry"],"_links":{"self":[{"href":"https:\/\/www.intec-personal.de\/cs\/wp-json\/wp\/v2\/pages\/4387369","targetHints":{"allow":["GET"]}}],"collection":[{"href":"https:\/\/www.intec-personal.de\/cs\/wp-json\/wp\/v2\/pages"}],"about":[{"href":"https:\/\/www.intec-personal.de\/cs\/wp-json\/wp\/v2\/types\/page"}],"author":[{"embeddable":true,"href":"https:\/\/www.intec-personal.de\/cs\/wp-json\/wp\/v2\/users\/1"}],"replies":[{"embeddable":true,"href":"https:\/\/www.intec-personal.de\/cs\/wp-json\/wp\/v2\/comments?post=4387369"}],"version-history":[{"count":4,"href":"https:\/\/www.intec-personal.de\/cs\/wp-json\/wp\/v2\/pages\/4387369\/revisions"}],"predecessor-version":[{"id":4390261,"href":"https:\/\/www.intec-personal.de\/cs\/wp-json\/wp\/v2\/pages\/4387369\/revisions\/4390261"}],"wp:attachment":[{"href":"https:\/\/www.intec-personal.de\/cs\/wp-json\/wp\/v2\/media?parent=4387369"}],"curies":[{"name":"wp","href":"https:\/\/api.w.org\/{rel}","templated":true}]}}